{"id":1943,"date":"2022-05-10T09:59:04","date_gmt":"2022-05-10T09:59:04","guid":{"rendered":"https:\/\/ham-log-gruppe.com\/?page_id=1943"},"modified":"2022-11-16T15:15:11","modified_gmt":"2022-11-16T15:15:11","slug":"faqs-2","status":"publish","type":"page","link":"https:\/\/ham-log-gruppe.pl\/de\/faqs-2\/","title":{"rendered":"FAQs"},"content":{"rendered":"<div class=\"wpb-content-wrapper\"><p>[vc_row css_animation=&#8220;&#8220; row_type=&#8220;row&#8220; use_row_as_full_screen_section=&#8220;no&#8220; type=&#8220;grid&#8220; angled_section=&#8220;no&#8220; text_align=&#8220;center&#8220; background_image_as_pattern=&#8220;without_pattern&#8220; padding_top=&#8220;87&#8243; padding_bottom=&#8220;65&#8243; z_index=&#8220;&#8220; css=&#8220;.vc_custom_1654167106940{background-color: #ffffff !important;}&#8220;][vc_column width=&#8220;2\/3&#8243; offset=&#8220;vc_col-sm-offset-2&#8243;][vc_column_text]<\/p>\n<h1>FAQs<\/h1>\n<p>[\/vc_column_text][vc_separator type=&#8220;small&#8220; position=&#8220;center&#8220; color=&#8220;#fab012&#8243; thickness=&#8220;4&#8243; width=&#8220;48&#8243; up=&#8220;17&#8243; down=&#8220;25&#8243;][vc_column_text]<\/p>\n<div class=\"wpb_text_column wpb_content_element \">\n<div class=\"wpb_wrapper\">\n<h5>Hier findest du eine Zusammenstellung h\u00e4ufig gestellter Fragen seitens der Bewerber der HAM-LOG-GRUPPE. Gerne stehen wir dir dar\u00fcber hinaus pers\u00f6nlich Rede und Antwort. Kontaktiere uns <a href=\"https:\/\/ham-log-gruppe.pl\/de\/kontakt\/\">hier<\/a>.<\/h5>\n<\/div>\n<\/div>\n<div class=\"vc_empty_space\"><\/div>\n<p>[\/vc_column_text][vc_empty_space height=&#8220;36px&#8220;][\/vc_column][\/vc_row][vc_row css_animation=&#8220;&#8220; row_type=&#8220;row&#8220; use_row_as_full_screen_section=&#8220;no&#8220; type=&#8220;full_width&#8220; angled_section=&#8220;no&#8220; text_align=&#8220;left&#8220; background_image_as_pattern=&#8220;without_pattern&#8220; css=&#8220;.vc_custom_1654167159105{background-color: #ffffff !important;}&#8220; z_index=&#8220;&#8220;][vc_column][vc_empty_space height=&#8220;50px&#8220;][vc_empty_space height=&#8220;50px&#8220;][\/vc_column][\/vc_row][vc_row css_animation=&#8220;element_from_left&#8220; row_type=&#8220;row&#8220; use_row_as_full_screen_section=&#8220;no&#8220; type=&#8220;grid&#8220; angled_section=&#8220;no&#8220; text_align=&#8220;left&#8220; background_image_as_pattern=&#8220;without_pattern&#8220; css=&#8220;.vc_custom_1654167128830{background-color: #ffffff !important;}&#8220; z_index=&#8220;&#8220;][vc_column css=&#8220;.vc_custom_1651688486692{background-color: #ffffff !important;}&#8220; el_class=&#8220;personal&#8220;][vc_column_text]<\/p>\n<h3 style=\"text-align: center;\">H\u00e4ufig gestellte Fragen<\/h3>\n<p>[\/vc_column_text][vc_empty_space height=&#8220;30px&#8220;][vc_accordion active_tab=&#8220;1&#8243; collapsible=&#8220;yes&#8220; style=&#8220;boxed_accordion&#8220; title=&#8220;FAQs Bewerber&#8220;][vc_accordion_tab title=&#8220;&#8220; background_color=&#8220;rgba(238,114,2,0.45)&#8220; title_color=&#8220;#000000&#8243; el_id=&#8220;weg&#8220;][vc_column_text el_id=&#8220;weg&#8220;][\/vc_column_text][\/vc_accordion_tab][vc_accordion_tab title=&#8220;An wen kann ich mich bei Fragen zu meiner Bewerbung wenden?&#8220; background_color=&#8220;rgba(238,114,2,0.45)&#8220; title_color=&#8220;#000000&#8243;][vc_column_text]Schreibe uns im Live-Chat an, nutze unseren R\u00fcckrufservice oder sende uns eine E-Mail an: <a href=\"mailto:recruitingpl@ham-log-gruppe.com\">recruitingpl@ham-log-gruppe.com<\/a>.<\/p>\n<p>Wir antworten schnellstm\u00f6glich auf dein Anliegen.[\/vc_column_text][\/vc_accordion_tab][vc_accordion_tab title=&#8220;Es gibt aktuell kein passendes Stellenangebot auf der Homepage, kann ich mich dennoch bewerben?&#8220; title_color=&#8220;#000000&#8243; background_color=&#8220;rgba(238,114,2,0.45)&#8220;][vc_column_text]Ja, du kannst dich jederzeit unabh\u00e4ngig von den online Stellenangeboten initiativ bei uns bewerben.[\/vc_column_text][\/vc_accordion_tab][vc_accordion_tab title=&#8220;Kann ich mir die Stadt, in der ich arbeiten m\u00f6chte, aussuchen?&#8220; title_color=&#8220;#000000&#8243; background_color=&#8220;rgba(238,114,2,0.45)&#8220;][vc_column_text]Die HAM-LOG-GRUPPE ist bundesweit vertreten und sucht gerne in deiner Wunschstadt nach deinem neuen Job.[\/vc_column_text][\/vc_accordion_tab][\/vc_accordion][vc_empty_space height=&#8220;50px&#8220;][\/vc_column][\/vc_row][vc_row css_animation=&#8220;&#8220; row_type=&#8220;row&#8220; use_row_as_full_screen_section=&#8220;no&#8220; type=&#8220;full_width&#8220; angled_section=&#8220;no&#8220; text_align=&#8220;left&#8220; background_image_as_pattern=&#8220;without_pattern&#8220; css=&#8220;.vc_custom_1654167159105{background-color: #ffffff !important;}&#8220; z_index=&#8220;&#8220;][vc_column][vc_empty_space height=&#8220;50px&#8220;][vc_empty_space height=&#8220;50px&#8220;][\/vc_column][\/vc_row]<\/p>\n<\/div>","protected":false},"excerpt":{"rendered":"<p>[vc_row css_animation=&#8220;&#8220; row_type=&#8220;row&#8220; use_row_as_full_screen_section=&#8220;no&#8220; type=&#8220;grid&#8220; angled_section=&#8220;no&#8220; text_align=&#8220;center&#8220; background_image_as_pattern=&#8220;without_pattern&#8220; padding_top=&#8220;87&#8243; padding_bottom=&#8220;65&#8243; z_index=&#8220;&#8220; css=&#8220;.vc_custom_1654167106940{background-color: #ffffff !important;}&#8220;][vc_column width=&#8220;2\/3&#8243; offset=&#8220;vc_col-sm-offset-2&#8243;][vc_column_text] FAQs [\/vc_column_text][vc_separator type=&#8220;small&#8220; position=&#8220;center&#8220; color=&#8220;#fab012&#8243; thickness=&#8220;4&#8243; width=&#8220;48&#8243; up=&#8220;17&#8243; down=&#8220;25&#8243;][vc_column_text] Hier findest du eine Zusammenstellung h\u00e4ufig gestellter Fragen seitens der Bewerber der HAM-LOG-GRUPPE. Gerne stehen wir dir dar\u00fcber hinaus pers\u00f6nlich&#8230;<\/p>\n","protected":false},"author":2,"featured_media":0,"parent":0,"menu_order":0,"comment_status":"closed","ping_status":"closed","template":"full_width.php","meta":{"footnotes":""},"class_list":["post-1943","page","type-page","status-publish","hentry"],"_links":{"self":[{"href":"https:\/\/ham-log-gruppe.pl\/de\/wp-json\/wp\/v2\/pages\/1943","targetHints":{"allow":["GET"]}}],"collection":[{"href":"https:\/\/ham-log-gruppe.pl\/de\/wp-json\/wp\/v2\/pages"}],"about":[{"href":"https:\/\/ham-log-gruppe.pl\/de\/wp-json\/wp\/v2\/types\/page"}],"author":[{"embeddable":true,"href":"https:\/\/ham-log-gruppe.pl\/de\/wp-json\/wp\/v2\/users\/2"}],"replies":[{"embeddable":true,"href":"https:\/\/ham-log-gruppe.pl\/de\/wp-json\/wp\/v2\/comments?post=1943"}],"version-history":[{"count":1,"href":"https:\/\/ham-log-gruppe.pl\/de\/wp-json\/wp\/v2\/pages\/1943\/revisions"}],"predecessor-version":[{"id":5035,"href":"https:\/\/ham-log-gruppe.pl\/de\/wp-json\/wp\/v2\/pages\/1943\/revisions\/5035"}],"wp:attachment":[{"href":"https:\/\/ham-log-gruppe.pl\/de\/wp-json\/wp\/v2\/media?parent=1943"}],"curies":[{"name":"wp","href":"https:\/\/api.w.org\/{rel}","templated":true}]}}